

{"id":105,"date":"2021-05-18T21:39:58","date_gmt":"2021-05-18T21:39:58","guid":{"rendered":"http:\/\/alimentosyvinosdeespana.com\/?page_id=105"},"modified":"2021-05-18T21:41:12","modified_gmt":"2021-05-18T21:41:12","slug":"ignacio-fernandez","status":"publish","type":"page","link":"https:\/\/alimentosyvinosdeespana.com\/index.php\/ignacio-fernandez\/","title":{"rendered":"Ignacio Fern\u00e1ndez"},"content":{"rendered":"\n<div class=\"woocommerce\">\n<div class=\"content\">\n    <article class=\"post_item post_item_single post_item_product\">\n        <div class=\"product first\">\n            <div class=\"images\">\n                <img src=\"https:\/\/alimentosyvinosdeespana.com\/wp-content\/uploads\/2021\/05\/johanbecerro_2.jpg\" alt=\"product\" title=\"product\" \/>\n            <\/div>\n            <!-- Product summary -->\n            <div class=\"summary\">\n                <h4 class=\"product_title\">\n                    Ignacio Fern\u00e1ndez\n                <\/h4>\n                <div>\n                <\/div>\n                <p class=\"descripcion_proyecto\">\n<strong>CHEF, LA SACRIST\u00cdA DEL VINO, POPAY\u00c1N<\/strong> <br \/><br \/>\n                    Soy Ignacio Fern\u00e1ndez, chef espa\u00f1ol propietario del Restaurante La Sacrist\u00eda del Vino en Popay\u00e1n, desde hace 10 a\u00f1os que inauguramos siempre hemos utilizado los Aceites de Oliva Guillermo Jim\u00e9nez. <br \/><br \/> Usamos el aceite especial para fre\u00edr ya que es un producto de alt\u00edsima calidad, tiene un aguante t\u00e9rmico superior a los 200 grados lo cual permite fre\u00edr pescados, patatas, verduras, hortalizas con un aceite muy estable, duradero ya que apenas se degrada y neutro de sabor para que no altere el resultado final del plato. Tambi\u00e9n consumimos para otro tipo de preparaciones Aceite de Oliva Virgen Extra en dos presentaciones distintas. <br \/><br \/> Para ali\u00f1o de ensaladas o verduras usamos una presentaci\u00f3n con un aceite org\u00e1nico que aporta unos matices muy frescos a las ensaladas. Para el resto de preparaciones de platos usamos un AOVE con poca acidez, equilibrado y con un sabor muy agradable. Recomiendo totalmente el uso de los productos de Guillermo Jim\u00e9nez por su alt\u00edsima calidad, su buen precio y por su excelente servicio al p\u00fablico.\n                    <\/p>\n\n                    <!--\n                                            <div class=\"product_meta\">\n                                            <span class=\"posted_in\">Categories: <a href=\"#\">Golf Balls<\/a>,\n                                                <a href=\"#\">Wedges<\/a>\n                                            <\/span>\n                                            <span class=\"tagged_as\">Tags:\n                                                <a href=\"#\" rel=\"tag\">Balls<\/a>,\n                                                <a href=\"#\" rel=\"tag\">Covers<\/a>\n                                            <\/span>\n                                            <span class=\"product_id\">Product ID:\n                                                <span>995<\/span>\n                                            <\/span>\n                                        <\/div>\n                                    -->\n                <\/p>\n            <\/div>\n            <!-- \/Product summary -->\n            <!-- Info tabs -->\n            <div class=\"woocommerce-tabs wc-tabs-wrapper trx-stretch-width scheme_light inited\" style=\"position: relative; box-sizing: border-box; left: -366.5px; width: 1903px; padding-left: 366.5px; padding-right: 366.5px;\"><\/div>\n            <div class=\"trx-stretch-width-original\"><\/div>\n            <!-- \/Info tabs -->\n            <!-- Related Products -->\n        <\/div>\n    <\/article>\n<\/div>\n<\/div>\n\n","protected":false},"excerpt":{"rendered":"<p>Ignacio Fern\u00e1ndez CHEF, LA SACRIST\u00cdA DEL VINO, POPAY\u00c1N Soy Ignacio Fern\u00e1ndez, chef espa\u00f1ol propietario del Restaurante La Sacrist\u00eda del Vino en Popay\u00e1n, desde hace 10 a\u00f1os que inauguramos siempre hemos utilizado los Aceites de Oliva Guillermo Jim\u00e9nez. Usamos el aceite especial para fre\u00edr ya que es un producto de alt\u00edsima calidad, tiene un aguante t\u00e9rmico [&hellip;]<\/p>\n","protected":false},"author":1,"featured_media":0,"parent":0,"menu_order":0,"comment_status":"closed","ping_status":"closed","template":"","meta":{"om_disable_all_campaigns":false,"_monsterinsights_skip_tracking":false,"_monsterinsights_sitenote_active":false,"_monsterinsights_sitenote_note":"","_monsterinsights_sitenote_category":0},"_links":{"self":[{"href":"https:\/\/alimentosyvinosdeespana.com\/index.php\/wp-json\/wp\/v2\/pages\/105"}],"collection":[{"href":"https:\/\/alimentosyvinosdeespana.com\/index.php\/wp-json\/wp\/v2\/pages"}],"about":[{"href":"https:\/\/alimentosyvinosdeespana.com\/index.php\/wp-json\/wp\/v2\/types\/page"}],"author":[{"embeddable":true,"href":"https:\/\/alimentosyvinosdeespana.com\/index.php\/wp-json\/wp\/v2\/users\/1"}],"replies":[{"embeddable":true,"href":"https:\/\/alimentosyvinosdeespana.com\/index.php\/wp-json\/wp\/v2\/comments?post=105"}],"version-history":[{"count":2,"href":"https:\/\/alimentosyvinosdeespana.com\/index.php\/wp-json\/wp\/v2\/pages\/105\/revisions"}],"predecessor-version":[{"id":110,"href":"https:\/\/alimentosyvinosdeespana.com\/index.php\/wp-json\/wp\/v2\/pages\/105\/revisions\/110"}],"wp:attachment":[{"href":"https:\/\/alimentosyvinosdeespana.com\/index.php\/wp-json\/wp\/v2\/media?parent=105"}],"curies":[{"name":"wp","href":"https:\/\/api.w.org\/{rel}","templated":true}]}}