

{"id":86,"date":"2021-05-18T21:22:22","date_gmt":"2021-05-18T21:22:22","guid":{"rendered":"http:\/\/alimentosyvinosdeespana.com\/?page_id=86"},"modified":"2021-05-18T21:22:22","modified_gmt":"2021-05-18T21:22:22","slug":"politicas-de-datos-personales","status":"publish","type":"page","link":"https:\/\/alimentosyvinosdeespana.com\/index.php\/politicas-de-datos-personales\/","title":{"rendered":"Pol\u00edticas de datos personales"},"content":{"rendered":"\n<div class=\"content_wrap\">\n                                <h3 class=\"sc_title sc_title_underline sc_align_left margin_top_null\">Pol\u00edticas de protecci\u00f3n de datos personales de Alimentos y Vinos de Espa\u00f1a S.A.S<\/h3>\n                                <p>\n                                    ALIMENTOS Y VINOS DE ESPA\u00d1A S.A.S, sociedad Comercial, con domicilio en la ciudad de Cali, identificada con el No. NIT 900.445.684 -2., ubicada en la Cra 89 18 72 casa 50 San Joaqu\u00edn II, y las oficinas en el Km. 1.5 v\u00eda Cavasa Bod 46 Cond. Ind. La Nubia\n                                    II Tel\u00e9fono 6411309 -4140056, presenta para su consideraci\u00f3n la elaboraci\u00f3n y propuesta del presente documento, el cual responde a la necesidad de dar cumplimiento a la disposici\u00f3n contenida en el literal k) del art\u00edculo\n                                    17 de la Ley 1581 de 2012, que regula los deberes que asisten a los responsables del tratamiento de datos personales, dentro de los cuales se encuentra, el de adoptar un manual interno de pol\u00edticas y procedimientos\n                                    para garantizar el adecuado cumplimiento de la ley y en especial, para la atenci\u00f3n de consultas y reclamos.<\/p>\n                                <p>\n                                    Ahora bien, en los literales d) y e) del art\u00edculo 3 de la Ley 1581 de 2012, se hace expresa menci\u00f3n al encargado y al responsable del tratamiento, respectivamente, entendi\u00e9ndose por el primero a la persona natural o jur\u00eddica, p\u00fablica o privada, que por\n                                    s\u00edmisma o en asocio con otros, realice el tratamiento de datos personales por cuenta del responsable del tratamiento y por el segundo, a la persona natural o jur\u00eddica, p\u00fablica o privada, que por s\u00ed misma o en asocio\n                                    con otros, decida sobre la base datos y \/o el tratamiento de los datos. <\/p>\n                                <p>\n                                    En tal sentido y tomando como referente, la ley en cita, la cual tiene por objeto dictar disposiciones generales para la protecci\u00f3n de datos personales ALIMENTOS Y VINOS DE ESPA\u00d1A S.A.S, en adelante la Compa\u00f1\u00eda, recoge en el presente documento, los lineamientos\n                                    y pol\u00edticas a observarse, para el tratamiento de los datos que reposan en sus bases de datos.\n                                <\/p>\n                                <h3 class=\"sc_title sc_title_underline sc_align_left margin_top_null\">Principios rectores\n                                <\/h3>\n                                <p>Los principios que se establecen a continuaci\u00f3n constituyen los par\u00e1metros generales que ser\u00e1n respetados por ALIMENTOS Y VINOS DE ESPA\u00d1A S.A.S, en los procesos de acopio, uso y tratamiento de datos personales, a saber:\n                                <\/p>\n                                <ol>\n                                    <li>Principio de legalidad en materia de Tratamiento de datos: El Tratamiento a que se refiere la ley es una actividad reglada que debe sujetarse a lo establecido en ella y en las dem\u00e1s disposiciones que la desarrollen.<\/li>\n                                    <li>Principio de finalidad: El Tratamiento debe obedecer a una finalidad leg\u00edtima de acuerdo con la Constituci\u00f3n y la Ley, la cual debe ser informada al Titular.\n                                    <\/li>\n                                    <li>Principio de libertad: El Tratamiento s\u00f3lo puede ejercerse con el consentimiento, previo, expreso e informado del Titular. Los datos personales no podr\u00e1n ser obtenidos o divulgados sin previa autorizaci\u00f3n, o en ausencia\n                                        de mandato legal o judicial que releve el consentimiento; <\/li>\n                                    <li>Principio de veracidad o calidad: La informaci\u00f3n sujeta a Tratamiento debe ser veraz, completa, exacta, actualizada, comprobable y comprensible. Se proh\u00edbe el Tratamiento de datos parciales, incompletos, fraccionados\n                                        o que induzcan a error\n                                    <\/li>\n                                    <li>Principio de transparencia: En el Tratamiento debe garantizarse el derecho del Titular a obtener del responsable del Tratamiento o del Encargado del Tratamiento, en cualquier momento y sin restricciones, informaci\u00f3n\n                                        acerca de la existencia de datos que le conciernan<\/li>\n                                    <li>Principio de acceso y circulaci\u00f3n restringida: El Tratamiento se sujeta a los l\u00edmites que se derivan de la naturaleza de los datos personales, de las disposiciones de la ley y la Constituci\u00f3n. En este sentido, el Tratamiento\n                                        s\u00f3lo podr\u00e1 hacerse por personas autorizadas por el Titular y\/o por las personas previstas en la ley 1581 de 2012<br> Los datos personales, salvo la informaci\u00f3n p\u00fablica, no podr\u00e1n estar disponibles en Internet u\n                                        otros medios de divulgaci\u00f3n o comunicaci\u00f3n masiva, salvo que el acceso sea t\u00e9cnicamente controlable para brindar un conocimiento restringido s\u00f3lo a los Titulares o terceros autorizados conforme a la ley; <\/li>\n                                    <li>\n                                        Principio de seguridad: La informaci\u00f3n sujeta a Tratamiento por el responsable del Tratamiento o Encargado del Tratamiento a que se refiere la ley, se deber\u00e1 manejar con las medidas t\u00e9cnicas, humanas y administrativas que sean necesarias para otorgar\n                                        seguridad a los registros evitando su adulteraci\u00f3n, p\u00e9rdida, consulta, uso o acceso no autorizado o fraudulento;\n                                    <\/li>\n                                    <li>\n                                        Principio de confidencialidad: Todas las personas que intervengan en el Tratamiento de datos personales que no tengan la naturaleza de p\u00fablicos est\u00e1n obligadas a garantizar la reserva de la informaci\u00f3n, inclusive despu\u00e9s de finalizada su relaci\u00f3n con\n                                        alguna de las laboresque comprende el Tratamiento, pudiendo s\u00f3lo realizar suministro o comunicaci\u00f3n de datos personales cuando ello corresponda al desarrollo de las actividades autorizadas en la ley 1581 de 2012\n                                        y en los t\u00e9rminos de la misma.\n                                    <\/li>\n                                <\/ol>\n                                <h3 class=\"sc_title sc_title_underline sc_align_left margin_top_null\">Finalidad del tratamiento\n                                <\/h3>\n                                <p>La Entidad solicitar\u00e1 solo los datos que en efecto necesite para: 1) El desarrollo de su objeto social y de la relaci\u00f3n contractual y \/ o laboral que lo vincula con Usted; 2) Actividades de car\u00e1cter comercial relacionadas\n                                    con la empresa. 3) Evaluar la calidadde nuestros servicios. 4) Informar sobre nuevos servicios y \/ o proyectos. 5) Realizar tratamientos estad\u00edsticos de sus datos. 6) Atender adecuadamente sus peticiones, solicitudes\n                                    y reclamos. 7) Verificaci\u00f3n de informaci\u00f3n laboral. 8) Verificaci\u00f3n de informaci\u00f3n contable. 9) Ejecutar los contratos que se tienen suscritos con la Compa\u00f1\u00eda. 10) Realizar el pago de sus obligaciones contractuales.\n                                    11) Enviar informaci\u00f3n a entidades judiciales o gubernamentales por solicitud expresa de las mismas. 12) Soportar procesos de auditoria interna y externa. 13) Registrar la informaci\u00f3n de empleados (activos e inactivos)\n                                    en la base de datos de la Compa\u00f1\u00eda. 14) Registrar la informaci\u00f3n de Proveedores (activos e inactivos) en la base de datos de la Compa\u00f1\u00eda. 15) Recolectardatos para el cumplimiento de los deberes que como responsable\n                                    de la informaci\u00f3n y de los datos personales, le corresponden a la compa\u00f1\u00eda. 16) Para el proceso de afiliaci\u00f3n al Sistema de Seguridad Social Integral. 17) Cualquier otra finalidad que resulte en desarrollo de contratos\n                                    o de la relaci\u00f3n existente entre Usted y la Compa\u00f1\u00eda.\n                                <\/p>\n\n                                <h3 class=\"sc_title sc_title_underline sc_align_left margin_top_null\">Pol\u00edticas\n                                <\/h3>\n                                <ol>\n                                    <li>\n                                        La Compa\u00f1\u00eda obtendr\u00e1 y utilizar\u00e1 los datos personales que en efecto se requieran para el desarrollo de su objeto, para cumplir con sus deberes legales y para atender en debida forma la relaci\u00f3n que establezca con el titular del dato; adem\u00e1s de las finalidades\n                                        previstas en el Aviso de Privacidad, el cual se encuentra publicado en la p\u00e1gina <a href=\"www.alimentosyvinosdeespana.com\">www.alimentosyvinosdeespana.com<\/a>\n                                    <\/li>\n                                    <li>\n                                        La Compa\u00f1\u00eda utilizar\u00e1 los datos personales conforme a las finalidades con las que tales datos sean obtenidos.\n                                    <\/li>\n                                    <li>\n                                        La Compa\u00f1\u00eda obtendr\u00e1 y utilizar\u00e1 datos personales siempre que se encuentre facultada para ello, bien porque la ley as\u00ed lo dispone, bien porque ello se deriva de la naturaleza de la relaci\u00f3n que tiene con el titular de los datos o bien porque el titular\n                                        del dato la autoriza expresamente para ello.\n                                    <\/li>\n                                    <li>\n                                        Cuando quiera que se precise autorizaci\u00f3n del titular para el tratamiento de sus datos personales:\n                                        <ul>\n                                            <li>La Compa\u00f1\u00eda informar\u00e1 al titular sobre la finalidad de tal tratamiento y obtendr\u00e1 de \u00e9l su consentimiento expreso e informado.<\/li>\n                                            <li>La autorizaci\u00f3n se obtendr\u00e1 en forma previa al tratamiento de los datos personales y, en todo caso, a m\u00e1s tardar al momento dela recolecci\u00f3n inicial de tal informaci\u00f3n.<\/li>\n                                            <li>La autorizaci\u00f3n podr\u00e1 darse a trav\u00e9s de cualquier medio que permita su adecuada conservaci\u00f3n, as\u00ed como su consulta posterior.<\/li>\n                                        <\/ul>\n                                    <\/li>\n                                    <li>\n                                        En los eventos en que la Compa\u00f1\u00eda requiera utilizar datos personales para una finalidad distinta a la inicialmente informada a su titular y autorizada por \u00e9ste o diferente a la se\u00f1alada en la Ley o ajena a la naturaleza de la relaci\u00f3n que lo vincula con\n                                        laCompa\u00f1\u00eda, se deber\u00e1 obtener del titular de los datos una nueva autorizaci\u00f3n. La Compa\u00f1\u00eda no tendr\u00e1 que solicitar una nueva autorizaci\u00f3n al titular cuando, conforme al ordenamiento jur\u00eddico, el nuevo uso sea razonablemente\n                                        previsible por parte el titular del dato al momento de consentir en su utilizaci\u00f3n, en el marco de su relaci\u00f3n con la Compa\u00f1\u00eda.\n                                    <\/li>\n                                    <li>\n                                        La Compa\u00f1\u00eda ha previsto que siempre que los datos personales sean suministrados por un tercero, ese tercero debe contar con la autorizaci\u00f3n del titular que le permita compartir la informaci\u00f3n con la Compa\u00f1\u00eda o estar amparado en la ley para ello.\n                                    <\/li>\n                                    <li>\n                                        En los casos en los que la Compa\u00f1\u00eda contacte al titular del dato a partir de los Datos P\u00fablicos que haya obtenido, entendidos \u00e9stos como aquellos para cuyo tratamiento no se requer\u00eda la autorizaci\u00f3n previa del mismo, la Compa\u00f1\u00eda deber\u00e1 contar con autorizaci\u00f3n,\n                                        bien dada por la ley o como consecuencia de la naturaleza de la relaci\u00f3n con el titular o bien por solicitar del titular su autorizaci\u00f3n, para obtener datos adicionales, caso en el cual le informar\u00e1 acerca de las\n                                        finalidades para las que ser\u00e1n tratados los nuevos datos que le sean suministrados.\n                                    <\/li>\n                                    <li>\n                                        En el tratamiento de datos de menores de edad, la Compa\u00f1\u00eda siempre tendr\u00e1 en cuenta el inter\u00e9s superior de los mismos, as\u00ed como la prevalencia constitucional de sus derechos.\n                                    <\/li>\n                                    <li>\n                                        En el evento en que la informaci\u00f3n recopilada corresponda a Datos Sensibles, entendidos \u00e9stos como aquellos que afectan su intimidad o cuyo uso indebido puede generar su discriminaci\u00f3n, la Compa\u00f1\u00eda debe informar al titular de la misma acerca del car\u00e1cter\n                                        de sensible de los datos que suministra y acerca de la posibilidad que tiene de suministrar o no dicha informaci\u00f3n.\n                                    <\/li>\n                                    <li>\n                                        La Compa\u00f1\u00eda velar\u00e1 porque los datos personales que se encuentran en sus archivos y bases de datos sean almacenados y administrados en razonables condiciones de seguridad y confidencialidad.\n                                    <\/li>\n                                    <li>\n                                        Es responsabilidad de todos los colaboradores de la Compa\u00f1\u00eda velar por la confidencialidad y seguridad de dicha informaci\u00f3n y velar porque los terceros que acceden a la misma (proveedores o contratistas) tambi\u00e9n se responsabilicen de ella.\n                                    <\/li>\n                                    <li>\n                                        El deber de reserva de los colaboradores frente a los datos personales a los que tengan acceso se extiende despu\u00e9s de finalizada la actividad realizada por \u00e9ste en relaci\u00f3n con el tratamiento.\n                                    <\/li>\n                                    <li>\n                                        La Compa\u00f1\u00eda conservar\u00e1 los archivos o bases de datos que contengan datos personales por el per\u00edodo que la normatividad vigente as\u00ed se lo exija o lo permita y la vigencia de las bases de datos estar\u00e1 atada al ejercicio de su objeto social.\n                                    <\/li>\n                                    <li>\n                                        Sin perjuicio de lo anterior, el per\u00edodo m\u00ednimo de conservaci\u00f3n de los datospersonales del titular corresponder\u00e1 al t\u00e9rmino de duraci\u00f3n de su relaci\u00f3n legal o contractual con estao a aquel que sea requerido para que la Compa\u00f1\u00eda cumpla con sus obligaciones\n                                        o aquel necesario para que se puedan ejercer los derechos por parte del titular del dato en el marco de la naturaleza de la relaci\u00f3n que los vincula.\n                                    <\/li>\n                                    <li>\n                                        La Compa\u00f1\u00eda incorporar\u00e1 a sus procesos los mecanismos para que los titulares de datos personales que administra puedan conocer, actualizar, rectificar y suprimir sus Datos Personales, as\u00ed como para revocar la autorizaci\u00f3n que para su utilizaci\u00f3n tales\n                                        titulares han otorgado, siempre que tal revocaci\u00f3n conforme al ordenamiento jur\u00eddico proceda, es decir, siempre que con la revocaci\u00f3n de la autorizaci\u00f3n no se vulnere un deber legal o contractual.\n                                    <\/li>\n                                <\/ol>\n                                <p>\n                                    El presente documento, as\u00ed como el Aviso de Privacidad, Carta de Autorizaci\u00f3n y Aviso de Autorizaci\u00f3n, se encuentran publicados en la p\u00e1gina <a href=\"www.alimentosyvinosdeespana.com\">www.alimentosyvinosdeespana.com<\/a>,\n                                    el canal dispuesto por ALIMENTOS Y VINOS DE ESPA\u00d1A SASpara la atenci\u00f3n de consultas y reclamos es el correo electr\u00f3nico <a href=\"mailto:alimentosyvinos@hotmail.com\">alimentosyvinos@hotmail.com<\/a>\n                                <\/p>\n                                <p>\n                                    Las consultas de los titulares de los datos ser\u00e1n atendidas en un t\u00e9rmino m\u00e1ximo de diez (10) d\u00edas h\u00e1biles contados a partir de la fecha de recibo de la misma,prorrogables por m\u00e1ximo cinco (5) d\u00edas h\u00e1biles m\u00e1s, caso en el cual el titular ser\u00e1 previamente\n                                    informado.\n                                <\/p>\n                                <p>\n                                    Los reclamos podr\u00e1n ser presentados acompa\u00f1ado de los soportes que el titular quiera hacer valer. Ser\u00e1n atendidos en un plazo m\u00e1ximo de quince (15) d\u00edas h\u00e1biles contados a partir del d\u00eda siguiente a la fecha de su recibo, prorrogables por m\u00e1ximo ocho\n                                    (8) d\u00edas h\u00e1biles m\u00e1s, caso en el cual el titular ser\u00e1 previamente informado.\n                                <\/p>\n                                <p>\n                                    Si el reclamo resulta incompleto, se requerir\u00e1 al interesado dentro de los cinco (5) d\u00edas siguientes a la recepci\u00f3n del reclamo para que subsane las fallas. Transcurridos dos (2) meses desde la fecha de requerimiento, sin que el solicitante presente la\n                                    informaci\u00f3n requerida, se entender\u00e1 que ha desistido del reclamo.\n                                <\/p>\n                                <p>\n                                    La presente pol\u00edtica fue creada el 20 de Octubre de 2016 y empieza a regir el 15 de Agosto de 2017.\n                                <\/p>\n                            <\/div>\n","protected":false},"excerpt":{"rendered":"<p>Pol\u00edticas de protecci\u00f3n de datos personales de Alimentos y Vinos de Espa\u00f1a S.A.S ALIMENTOS Y VINOS DE ESPA\u00d1A S.A.S, sociedad Comercial, con domicilio en la ciudad de Cali, identificada con el No. NIT 900.445.684 -2., ubicada en la Cra 89 18 72 casa 50 San Joaqu\u00edn II, y las oficinas en el Km. 1.5 v\u00eda [&hellip;]<\/p>\n","protected":false},"author":1,"featured_media":0,"parent":0,"menu_order":0,"comment_status":"closed","ping_status":"closed","template":"","meta":{"om_disable_all_campaigns":false,"_monsterinsights_skip_tracking":false,"_monsterinsights_sitenote_active":false,"_monsterinsights_sitenote_note":"","_monsterinsights_sitenote_category":0},"_links":{"self":[{"href":"https:\/\/alimentosyvinosdeespana.com\/index.php\/wp-json\/wp\/v2\/pages\/86"}],"collection":[{"href":"https:\/\/alimentosyvinosdeespana.com\/index.php\/wp-json\/wp\/v2\/pages"}],"about":[{"href":"https:\/\/alimentosyvinosdeespana.com\/index.php\/wp-json\/wp\/v2\/types\/page"}],"author":[{"embeddable":true,"href":"https:\/\/alimentosyvinosdeespana.com\/index.php\/wp-json\/wp\/v2\/users\/1"}],"replies":[{"embeddable":true,"href":"https:\/\/alimentosyvinosdeespana.com\/index.php\/wp-json\/wp\/v2\/comments?post=86"}],"version-history":[{"count":1,"href":"https:\/\/alimentosyvinosdeespana.com\/index.php\/wp-json\/wp\/v2\/pages\/86\/revisions"}],"predecessor-version":[{"id":87,"href":"https:\/\/alimentosyvinosdeespana.com\/index.php\/wp-json\/wp\/v2\/pages\/86\/revisions\/87"}],"wp:attachment":[{"href":"https:\/\/alimentosyvinosdeespana.com\/index.php\/wp-json\/wp\/v2\/media?parent=86"}],"curies":[{"name":"wp","href":"https:\/\/api.w.org\/{rel}","templated":true}]}}