

{"id":88,"date":"2021-05-18T21:28:58","date_gmt":"2021-05-18T21:28:58","guid":{"rendered":"http:\/\/alimentosyvinosdeespana.com\/?page_id=88"},"modified":"2021-05-18T21:38:00","modified_gmt":"2021-05-18T21:38:00","slug":"joan-becerro","status":"publish","type":"page","link":"https:\/\/alimentosyvinosdeespana.com\/index.php\/joan-becerro\/","title":{"rendered":"Joan Becerro"},"content":{"rendered":"\n<div class=\"woocommerce\">\n<div class=\"content\">\n    <article class=\"post_item post_item_single post_item_product\">\n        <div class=\"product first\">\n            <div class=\"images\">\n                <img src=\"https:\/\/alimentosyvinosdeespana.com\/wp-content\/uploads\/2021\/05\/johanbecerro.jpg\" alt=\"product\" title=\"product\" \/>\n            <\/div>\n            <!-- Product summary -->\n            <div class=\"summary\">\n                <h4 class=\"product_title\">\n                    Joan Becerro\n                <\/h4>\n                <div>\n                <\/div>\n                <p class=\"descripcion_proyecto\">\n<strong>CHEF RESTAURANTE \u00abLA CATALANA\u00bb CALI<\/strong> <br \/><br \/>\n                    \u00abMediterr\u00e1neo\u00bb, no solo es el nombre de un mar, es tambi\u00e9n un clima, una cultura, una forma de vivir, de amar, de cocinar y de alimentarnos, en definitiva de la b\u00fasqueda del placer&#8230;  <br \/>\n                    <br \/>\nY el Aceite de Oliva es el principal protagonista y el responsable de que as\u00ed sea. La empresa Alimentos y Vinos de Espa\u00f1a SAS, nos lleva con sus Aceites de Oliva a un viaje sensorial, sinti\u00e9ndonos mediterr\u00e1neos sin salir de Colombia, al poner en nuestras mesas todo el sabor del mediterr\u00e1neo con los Aceites de Oliva marca Guillermo Jim\u00e9nez.\n                    <\/p>\n\n                    <!--\n                                            <div class=\"product_meta\">\n                                            <span class=\"posted_in\">Categories: <a href=\"#\">Golf Balls<\/a>,\n                                                <a href=\"#\">Wedges<\/a>\n                                            <\/span>\n                                            <span class=\"tagged_as\">Tags:\n                                                <a href=\"#\" rel=\"tag\">Balls<\/a>,\n                                                <a href=\"#\" rel=\"tag\">Covers<\/a>\n                                            <\/span>\n                                            <span class=\"product_id\">Product ID:\n                                                <span>995<\/span>\n                                            <\/span>\n                                        <\/div>\n                                    -->\n                <\/p>\n            <\/div>\n            <!-- \/Product summary -->\n            <!-- Info tabs -->\n            <div class=\"woocommerce-tabs wc-tabs-wrapper trx-stretch-width scheme_light inited\" style=\"position: relative; box-sizing: border-box; left: -366.5px; width: 1903px; padding-left: 366.5px; padding-right: 366.5px;\"><\/div>\n            <div class=\"trx-stretch-width-original\"><\/div>\n            <!-- \/Info tabs -->\n            <!-- Related Products -->\n        <\/div>\n    <\/article>\n<\/div>\n<\/div>\n\n\n\n\n<p><\/p>\n","protected":false},"excerpt":{"rendered":"<p>Joan Becerro CHEF RESTAURANTE \u00abLA CATALANA\u00bb CALI \u00abMediterr\u00e1neo\u00bb, no solo es el nombre de un mar, es tambi\u00e9n un clima, una cultura, una forma de vivir, de amar, de cocinar y de alimentarnos, en definitiva de la b\u00fasqueda del placer&#8230; Y el Aceite de Oliva es el principal protagonista y el responsable de que as\u00ed [&hellip;]<\/p>\n","protected":false},"author":1,"featured_media":0,"parent":0,"menu_order":0,"comment_status":"closed","ping_status":"closed","template":"","meta":{"om_disable_all_campaigns":false,"_monsterinsights_skip_tracking":false,"_monsterinsights_sitenote_active":false,"_monsterinsights_sitenote_note":"","_monsterinsights_sitenote_category":0},"_links":{"self":[{"href":"https:\/\/alimentosyvinosdeespana.com\/index.php\/wp-json\/wp\/v2\/pages\/88"}],"collection":[{"href":"https:\/\/alimentosyvinosdeespana.com\/index.php\/wp-json\/wp\/v2\/pages"}],"about":[{"href":"https:\/\/alimentosyvinosdeespana.com\/index.php\/wp-json\/wp\/v2\/types\/page"}],"author":[{"embeddable":true,"href":"https:\/\/alimentosyvinosdeespana.com\/index.php\/wp-json\/wp\/v2\/users\/1"}],"replies":[{"embeddable":true,"href":"https:\/\/alimentosyvinosdeespana.com\/index.php\/wp-json\/wp\/v2\/comments?post=88"}],"version-history":[{"count":12,"href":"https:\/\/alimentosyvinosdeespana.com\/index.php\/wp-json\/wp\/v2\/pages\/88\/revisions"}],"predecessor-version":[{"id":112,"href":"https:\/\/alimentosyvinosdeespana.com\/index.php\/wp-json\/wp\/v2\/pages\/88\/revisions\/112"}],"wp:attachment":[{"href":"https:\/\/alimentosyvinosdeespana.com\/index.php\/wp-json\/wp\/v2\/media?parent=88"}],"curies":[{"name":"wp","href":"https:\/\/api.w.org\/{rel}","templated":true}]}}